{"id":26,"date":"2024-10-28T15:24:50","date_gmt":"2024-10-28T12:24:50","guid":{"rendered":"https:\/\/alicante-smarthotel.com\/?page_id=26"},"modified":"2025-02-05T13:38:48","modified_gmt":"2025-02-05T10:38:48","slug":"reservar-propiedad","status":"publish","type":"page","link":"https:\/\/alicante-smarthotel.com\/es\/reservar-propiedad\/","title":{"rendered":"Reservar propiedad"},"content":{"rendered":"<p>El cliente (parte compradora) acepta reservar un inmueble y abonar una se\u00f1al que var\u00eda seg\u00fan noches de estancia.<\/p>\n<p>Una vez realizado el pago, el inmueble se reserva a su nombre, la se\u00f1al se descuenta de la totalidad del precio.<\/p>\n<p>P\u00f3ngase en contacto con nosotros antes de hacer una reserva para asegurarse de que el apartamento todav\u00eda est\u00e1 disponible.<\/p>\n<p>Correo electr\u00f3nico: <a href=\"mailto:admin@alicante-smarthotel.com\">admin@alicante-smarthotel.com<\/a><\/p>\n<p>Tel\u00e9fonos: +34 644 14 33 80<\/p>\n<p>Pago Seguro con conexi\u00f3n SSL 128<\/p>\n<p>Al finalizar el pago de su reserva, anote el c\u00f3digo facilitado por el banco.<\/p>\n<h2>Politica de cancelaci\u00f3n<\/h2>\n<p><b>CANCELACION FLEXIBLE:<\/b><\/p>\n<ul>\n<li>Si Cancela o modifica la reserva hasta 48 horas antes de la fecha de llegada, el establecimiento no cargar\u00e1 ning\u00fan importe, fuera de este plazo el establecimiento cargar\u00e1 la primera noche.<\/li>\n<li>Si no se presenta o la cancelaci\u00f3n es el mismo d\u00eda, el establecimiento cargar\u00e1 la estancia completa.<\/li>\n<li>El cliente tendr\u00e1 que dar su tarjeta de cr\u00e9dito como garant\u00eda de pago, para garantizar la reserva se har\u00e1 un cargo en la tarjeta de cr\u00e9dito indicada del 30 % de la reserva. El resto de la reserva, se abonar\u00e1 con tarjeta en el momento del check in.<\/li>\n<\/ul>\n<p><b>CANCELACION NO REEMBOLSABLE:<\/b><\/p>\n<ul>\n<li>No es posible cancelar sin penalizaci\u00f3n. El hotel, cuando reciba la reserva, cobrar\u00e1 en tu tarjeta la totalidad del importe. No se admite devoluci\u00f3n en caso de anulaci\u00f3n, salida anticipada o no presentarte (la reserva s\u00f3lo se mantendr\u00eda la primera noche). Si el pago fuera denegado, el hotel anular\u00eda tu reserva.<\/li>\n<\/ul>\n<p><\/p>","protected":false},"excerpt":{"rendered":"<p>El cliente (parte compradora) acepta reservar un inmueble y abonar una se\u00f1al que var\u00eda seg\u00fan noches de estancia. Una vez realizado el pago, el inmueble se reserva a su nombre, la se\u00f1al se descuenta de la totalidad del precio. P\u00f3ngase en contacto con nosotros antes de hacer una reserva para asegurarse de que el apartamento\u2026<\/p>\n","protected":false},"author":1,"featured_media":0,"parent":0,"menu_order":0,"comment_status":"closed","ping_status":"closed","template":"","meta":{"footnotes":""},"class_list":["post-26","page","type-page","status-publish","hentry"],"_links":{"self":[{"href":"https:\/\/alicante-smarthotel.com\/es\/wp-json\/wp\/v2\/pages\/26","targetHints":{"allow":["GET"]}}],"collection":[{"href":"https:\/\/alicante-smarthotel.com\/es\/wp-json\/wp\/v2\/pages"}],"about":[{"href":"https:\/\/alicante-smarthotel.com\/es\/wp-json\/wp\/v2\/types\/page"}],"author":[{"embeddable":true,"href":"https:\/\/alicante-smarthotel.com\/es\/wp-json\/wp\/v2\/users\/1"}],"replies":[{"embeddable":true,"href":"https:\/\/alicante-smarthotel.com\/es\/wp-json\/wp\/v2\/comments?post=26"}],"version-history":[{"count":4,"href":"https:\/\/alicante-smarthotel.com\/es\/wp-json\/wp\/v2\/pages\/26\/revisions"}],"predecessor-version":[{"id":75,"href":"https:\/\/alicante-smarthotel.com\/es\/wp-json\/wp\/v2\/pages\/26\/revisions\/75"}],"wp:attachment":[{"href":"https:\/\/alicante-smarthotel.com\/es\/wp-json\/wp\/v2\/media?parent=26"}],"curies":[{"name":"wp","href":"https:\/\/api.w.org\/{rel}","templated":true}]}}